{"id":3,"date":"2025-03-06T12:29:18","date_gmt":"2025-03-06T12:29:18","guid":{"rendered":"http:\/\/www.greype.com\/?page_id=3"},"modified":"2025-03-22T10:51:40","modified_gmt":"2025-03-22T09:51:40","slug":"politique-de-confidentialite","status":"publish","type":"page","link":"https:\/\/greype.com\/fr\/politica-de-privacidad\/","title":{"rendered":"Politique de confidentialit\u00e9"},"content":{"rendered":"<p><strong>POLITIQUE DE CONFIDENTIALIT\u00c9<\/strong><\/p>\n\n\n\n<p>GREYPE SL est le responsable du traitement des donn\u00e9es et, conform\u00e9ment au r\u00e8glement (UE) 2016\/679 du Parlement europ\u00e9en et du Conseil du 27 avril 2016 et \u00e0 la loi organique 3\/2018 sur la protection des donn\u00e9es et la garantie des droits num\u00e9riques, garantit la s\u00e9curit\u00e9 et la confidentialit\u00e9 des donn\u00e9es fournies par ses clients.&nbsp;&nbsp;&nbsp;&nbsp;&nbsp;&nbsp;&nbsp;&nbsp;<\/p>\n\n\n\n<p>GREYPE SL vous informe que les donn\u00e9es personnelles fournies via les formulaires de ce site Web ou via des messages \u00e9lectroniques seront int\u00e9gr\u00e9es au traitement de GREYPE SL et seront trait\u00e9es \u00e9lectroniquement et sur papier.<\/p>\n\n\n\n<p>En soumettant les formulaires sur ce site Web, ainsi que par tout autre moyen de communication que vous pourriez nous envoyer, vous nous fournissez librement et volontairement vos donn\u00e9es personnelles pour \u00eatre incluses dans un processus dans le but de vous fournir les informations demand\u00e9es dans les formulaires ou les abonnements.<\/p>\n\n\n\n<p>Si l&#039;utilisateur d\u00e9cide de remplir un formulaire sur ce site Web o\u00f9 des donn\u00e9es personnelles sont collect\u00e9es, il est inform\u00e9 que GREYPE SL adoptera les mesures techniques et organisationnelles n\u00e9cessaires pour garantir la s\u00e9curit\u00e9 des donn\u00e9es fournies afin d&#039;\u00e9viter les alt\u00e9rations, pertes, traitements ou acc\u00e8s non autoris\u00e9s, conform\u00e9ment \u00e0 l&#039;\u00e9tat actuel de la technologie et conform\u00e9ment aux dispositions de la r\u00e9glementation en vigueur.<\/p>\n\n\n\n<p>GREYPE SL ne peut cependant pas garantir l&#039;invuln\u00e9rabilit\u00e9 absolue du syst\u00e8me, du r\u00e9seau d&#039;acc\u00e8s, d&#039;Internet et donc la violation des donn\u00e9es par un acc\u00e8s frauduleux \u00e0 celles-ci par des tiers.<\/p>\n\n\n\n<p>Le site Web contient des liens vers des sites Web tiers avec des politiques de confidentialit\u00e9 autres que celles de GREYPE SL, que vous pouvez choisir d&#039;accepter ou non lorsque vous y acc\u00e9dez.<\/p>\n\n\n\n<p>Dans tous les cas, l&#039;utilisateur sera responsable de la v\u00e9racit\u00e9 des informations fournies et sera tenu d&#039;informer GREYPE SL de toute modification de celles-ci. GREYPE SL ne sera pas tenue responsable \u00e0 cet \u00e9gard.<\/p>\n\n\n\n<p>Les informations sur la finalit\u00e9, la l\u00e9gitimit\u00e9, la conservation et les communications du traitement sont : <strong><\/strong><\/p>\n\n\n\n<p><strong>Utilisateurs du Web :<\/strong><strong> <\/strong>servir de support d&#039;information pour la gestion des communications et des relations commerciales par voie \u00e9lectronique. Concernant la l\u00e9gitimit\u00e9 du traitement, celui-ci sera r\u00e9gi par le consentement de la personne concern\u00e9e et l\u2019int\u00e9r\u00eat l\u00e9gitime du responsable du traitement. Les donn\u00e9es fournies seront conserv\u00e9es jusqu&#039;\u00e0 ce qu&#039;elles soient n\u00e9cessaires pour soutenir votre demande, r\u00e9voquer votre consentement ou pendant les ann\u00e9es n\u00e9cessaires pour se conformer aux obligations l\u00e9gales. GREYPE SL ne transf\u00e9rera pas de donn\u00e9es \u00e0 moins que la loi ne l&#039;exige.<\/p>\n\n\n\n<p>Si vous le souhaitez, vous pouvez contacter GREYPE SL, situ\u00e9e \u00e0 Carretera Torre-Pacheco-Balsicas, Km. 8, 30591 Balsicas, Espagne, avec une copie de votre pi\u00e8ce d&#039;identit\u00e9 ou d&#039;un document d&#039;identification \u00e9quivalent afin d&#039;exercer les droits suivants :<\/p>\n\n\n\n<ul class=\"wp-block-list\">\n<li>Droit d&#039;acc\u00e8s : le droit d&#039;obtenir la confirmation que GREYPE SL traite des donn\u00e9es personnelles vous concernant et, le cas \u00e9ch\u00e9ant, d&#039;acc\u00e9der \u00e0 ces donn\u00e9es.<\/li>\n\n\n\n<li>Droit \u00e0 la portabilit\u00e9 : le droit de recevoir les donn\u00e9es personnelles que vous nous avez fournies dans un format structur\u00e9, couramment utilis\u00e9 et lisible par machine, ainsi que de les transmettre \u00e0 une autre entit\u00e9.<\/li>\n\n\n\n<li>Droit de rectification : droit de demander la rectification des donn\u00e9es lorsqu\u2019elles sont inexactes.<\/li>\n\n\n\n<li>Droit \u00e0 l\u2019effacement : droit de demander la suppression des donn\u00e9es lorsque celles-ci ne sont plus n\u00e9cessaires aux fins pour lesquelles elles ont \u00e9t\u00e9 fournies \u00e0 l\u2019\u00e9poque.<\/li>\n\n\n\n<li>Droit d\u2019opposition : le droit de vous opposer au traitement de vos donn\u00e9es personnelles. GREYPE SL cessera de traiter les donn\u00e9es, sauf pour des raisons l\u00e9gitimes ou pour exercer d&#039;\u00e9ventuelles r\u00e9clamations.<\/li>\n\n\n\n<li>Droit \u00e0 la limitation du traitement : droit de demander la limitation du traitement de vos donn\u00e9es.<\/li>\n<\/ul>\n\n\n\n<p>En revanche, si vous l&#039;avez fourni, vous aurez le droit de retirer votre consentement \u00e0 tout moment et le droit de d\u00e9poser une plainte aupr\u00e8s de l&#039;Agence espagnole de protection des donn\u00e9es.<\/p>","protected":false},"excerpt":{"rendered":"<p>POL\u00cdTICA DE PRIVACIDAD GREYPE S.L. es la responsable del tratamiento y de conformidad con lo establecido en el Reglamento (UE) 2016\/679 del Parlamento Europeo y del Consejo de 27 de abril de 2016 y la Ley Org\u00e1nica 3\/2018 de Protecci\u00f3n de Datos y Garant\u00eda de los Derechos Digitales, garantiza la seguridad y confidencialidad de los [&hellip;]<\/p>\n","protected":false},"author":3,"featured_media":0,"parent":0,"menu_order":0,"comment_status":"closed","ping_status":"open","template":"","meta":{"footnotes":""},"class_list":["post-3","page","type-page","status-publish","hentry"],"_links":{"self":[{"href":"https:\/\/greype.com\/fr\/wp-json\/wp\/v2\/pages\/3","targetHints":{"allow":["GET"]}}],"collection":[{"href":"https:\/\/greype.com\/fr\/wp-json\/wp\/v2\/pages"}],"about":[{"href":"https:\/\/greype.com\/fr\/wp-json\/wp\/v2\/types\/page"}],"author":[{"embeddable":true,"href":"https:\/\/greype.com\/fr\/wp-json\/wp\/v2\/users\/3"}],"replies":[{"embeddable":true,"href":"https:\/\/greype.com\/fr\/wp-json\/wp\/v2\/comments?post=3"}],"version-history":[{"count":7,"href":"https:\/\/greype.com\/fr\/wp-json\/wp\/v2\/pages\/3\/revisions"}],"predecessor-version":[{"id":613,"href":"https:\/\/greype.com\/fr\/wp-json\/wp\/v2\/pages\/3\/revisions\/613"}],"wp:attachment":[{"href":"https:\/\/greype.com\/fr\/wp-json\/wp\/v2\/media?parent=3"}],"curies":[{"name":"wp","href":"https:\/\/api.w.org\/{rel}","templated":true}]}}