{"id":898,"date":"2025-07-24T19:47:58","date_gmt":"2025-07-24T17:47:58","guid":{"rendered":"https:\/\/greype.com\/?page_id=898"},"modified":"2025-07-24T20:15:53","modified_gmt":"2025-07-24T18:15:53","slug":"instalacion-fotovoltaica","status":"publish","type":"page","link":"https:\/\/greype.com\/es\/instalacion-fotovoltaica\/","title":{"rendered":"Instalaci\u00f3n Fotovoltaica"},"content":{"rendered":"\n<figure class=\"wp-block-image size-full\"><img loading=\"lazy\" decoding=\"async\" width=\"35049\" height=\"4129\" src=\"https:\/\/greype.com\/wp-content\/uploads\/LOGOS-2.png\" alt=\"\" class=\"wp-image-900\"\/><\/figure>\n\n\n\n<p><strong>GREYPE SL,&nbsp;<\/strong>ha realizado el proyecto<strong>&nbsp;<\/strong>denominado<\/p>\n\n\n\n<p><strong>\u201cINSTALACI\u00d3N FOTOVOLTAICA DE AUTOCONSUMO DE 100 KW SIN EXCEDENTES\u201d<\/strong>.<\/p>\n\n\n\n<p>Proyecto acogido al programa de incentivos ligados al autoconsumo y almacenamiento, con fuentes de energ\u00eda renovable, as\u00ed como a la implantaci\u00f3n de sistemas t\u00e9rmicos renovables en el sector residencial en el marco del<em>&nbsp;Plan de Recuperaci\u00f3n, Transformaci\u00f3n y Resiliencia,&nbsp;<\/em>financiado por la Uni\u00f3n Europea &nbsp;\u2013&nbsp;<strong>NextGenerationEU.&nbsp; (&nbsp;<em>Real Decreto 477\/2021 )<\/em><\/strong><\/p>\n\n\n\n<p><strong>La&nbsp;inversi\u00f3n total del proyecto ha sido de 80.570,42 \u20ac<\/strong>&nbsp;<strong>y el&nbsp;importe de la ayuda&nbsp;recibida&nbsp;ha sido de 28.199,64 \u20ac.<\/strong><\/p>\n\n\n\n<p>Con una&nbsp;<strong>potencia nominal instalada de 100 kW<\/strong>,&nbsp;<strong>GREYPE SL SL<\/strong>, ha producido un total de&nbsp;<strong>124,5 MWh&nbsp;<\/strong>desde la puesta en marcha de la instalaci\u00f3n,&nbsp;suponiendo para la empresa alrededor de un&nbsp;<strong>28% de ahorro&nbsp;<\/strong>sobre su consumo el\u00e9ctrico total, lo que se traduce en un&nbsp;<strong>ahorro de 103,10 toneladas de carb\u00f3n<\/strong>,&nbsp;<strong>59,93 toneladas CO2 evitado al a\u00f1o<\/strong>, lo que equivale a&nbsp;<strong>92 \u00e1rboles plantados<\/strong>.<\/p>\n\n\n<a href=\"https:\/\/greype.com\/wp-content\/uploads\/PLAN-ESTRATEGICO_ANEXO-8_compressed.pdf\" class=\"pdfemb-viewer\" style=\"width:800px;height:800px;\" data-width=\"800\" data-height=\"800\" data-toolbar=\"bottom\" data-toolbar-fixed=\"on\">PLAN-ESTRATEGICO_ANEXO-8_compressed<\/a>\n\n\n<p><\/p>\n\n\n\n<p><\/p>\n","protected":false},"excerpt":{"rendered":"<p>GREYPE SL,&nbsp;ha realizado el proyecto&nbsp;denominado \u201cINSTALACI\u00d3N FOTOVOLTAICA DE AUTOCONSUMO DE 100 KW SIN EXCEDENTES\u201d. Proyecto acogido al programa de incentivos ligados al autoconsumo y almacenamiento, con fuentes de energ\u00eda renovable, as\u00ed como a la implantaci\u00f3n de sistemas t\u00e9rmicos renovables en el sector residencial en el marco del&nbsp;Plan de Recuperaci\u00f3n, Transformaci\u00f3n y Resiliencia,&nbsp;financiado por la Uni\u00f3n [&hellip;]<\/p>\n","protected":false},"author":3,"featured_media":0,"parent":0,"menu_order":0,"comment_status":"closed","ping_status":"closed","template":"","meta":{"footnotes":""},"class_list":["post-898","page","type-page","status-publish","hentry"],"_links":{"self":[{"href":"https:\/\/greype.com\/es\/wp-json\/wp\/v2\/pages\/898","targetHints":{"allow":["GET"]}}],"collection":[{"href":"https:\/\/greype.com\/es\/wp-json\/wp\/v2\/pages"}],"about":[{"href":"https:\/\/greype.com\/es\/wp-json\/wp\/v2\/types\/page"}],"author":[{"embeddable":true,"href":"https:\/\/greype.com\/es\/wp-json\/wp\/v2\/users\/3"}],"replies":[{"embeddable":true,"href":"https:\/\/greype.com\/es\/wp-json\/wp\/v2\/comments?post=898"}],"version-history":[{"count":11,"href":"https:\/\/greype.com\/es\/wp-json\/wp\/v2\/pages\/898\/revisions"}],"predecessor-version":[{"id":923,"href":"https:\/\/greype.com\/es\/wp-json\/wp\/v2\/pages\/898\/revisions\/923"}],"wp:attachment":[{"href":"https:\/\/greype.com\/es\/wp-json\/wp\/v2\/media?parent=898"}],"curies":[{"name":"wp","href":"https:\/\/api.w.org\/{rel}","templated":true}]}}