{"id":3,"date":"2025-03-06T12:29:18","date_gmt":"2025-03-06T12:29:18","guid":{"rendered":"http:\/\/www.greype.com\/?page_id=3"},"modified":"2025-03-22T10:51:40","modified_gmt":"2025-03-22T09:51:40","slug":"politica-de-privacidad","status":"publish","type":"page","link":"https:\/\/greype.com\/es\/politica-de-privacidad\/","title":{"rendered":"Pol\u00edtica de privacidad"},"content":{"rendered":"\n<p><strong>POL\u00cdTICA DE PRIVACIDAD<\/strong><\/p>\n\n\n\n<p>GREYPE S.L. es la responsable del tratamiento y de conformidad con lo establecido en el Reglamento (UE) 2016\/679 del Parlamento Europeo y del Consejo de 27 de abril de 2016 y la Ley Org\u00e1nica 3\/2018 de Protecci\u00f3n de Datos y Garant\u00eda de los Derechos Digitales, garantiza la seguridad y confidencialidad de los datos facilitados por sus clientes.&nbsp;&nbsp;&nbsp;&nbsp;&nbsp;&nbsp;&nbsp;&nbsp;<\/p>\n\n\n\n<p>GREYPE S.L. informa que los datos personales facilitados a trav\u00e9s de los formularios de esta Web o mediante mensajes de correo electr\u00f3nico, ser\u00e1n incorporados en unos tratamientos de GREYPE S.L. y ser\u00e1n tratados de manera informatizada y en papel.<\/p>\n\n\n\n<p>Mediante el env\u00edo de los formularios existentes en esta Web as\u00ed como a trav\u00e9s de las comunicaciones que nos puedas dirigir por otros medios de contacto, el remitente nos proporciona sus datos personales de forma libre y voluntaria para ser incluido en un tratamiento con el objeto de suministrarle la informaci\u00f3n solicitada en los formularios o suscripciones.<\/p>\n\n\n\n<p>En el caso de que el usuario decida cumplimentar alg\u00fan formulario de este sitio Web d\u00f3nde se recaben datos de car\u00e1cter personal se le informa que GREYPE S.L. adoptar\u00e1 las medidas de \u00edndole t\u00e9cnica y organizativa necesarias que garanticen la seguridad de los datos suministrados a fin de evitar alteraciones, p\u00e9rdidas, tratamientos o accesos no autorizados, conforme al estado actual de la tecnolog\u00eda y de acuerdo con lo establecido por la normativa vigente.<\/p>\n\n\n\n<p>GREYPE S.L. sin embargo no puede garantizar la absoluta inexpugnabilidad del sistema, la red de acceso, Internet y por tanto la violaci\u00f3n de los datos mediante accesos fraudulentos a ellos por parte de terceros.<\/p>\n\n\n\n<p>El sitio web contiene enlaces a sitios web de terceros con pol\u00edticas de privacidad ajenas a la de GREYPE S.L. que usted podr\u00e1 decidir si acepta o no cuando acceda a ellos.<\/p>\n\n\n\n<p>El usuario responder\u00e1 en cualquier caso de la veracidad de la informaci\u00f3n suministrada y se hace responsable de comunicar a GREYPE S.L. cualquier modificaci\u00f3n sobre la misma, quedando GREYPE S.L. exenta de cualquier responsabilidad en este sentido.<\/p>\n\n\n\n<p>La informaci\u00f3n sobre finalidad, legitimaci\u00f3n, conservaci\u00f3n y comunicaciones del tratamiento son: <strong><\/strong><\/p>\n\n\n\n<p><strong>Usuarios web:<\/strong><strong> <\/strong>servir como soporte de informaci\u00f3n a la gesti\u00f3n de las comunicaciones y relaciones comerciales por v\u00eda electr\u00f3nica. En cuanto a la legitimaci\u00f3n del tratamiento estar\u00e1 regulada por el consentimiento del afectado y por el inter\u00e9s leg\u00edtimo del responsable. Los datos proporcionados se conservar\u00e1n hasta para dar soporte a su solicitud, la revocaci\u00f3n del consentimiento o durante los a\u00f1os necesarios para cumplir con las obligaciones legales. GREYPE S.L. no ceder\u00e1 datos salvo obligaci\u00f3n legal.<\/p>\n\n\n\n<p>Si lo desea puede dirigirse a GREYPE S.L., domiciliada en Carretera Torre-Pacheco-Balsicas, Km. 8, 30591 de Balsicas, Espa\u00f1a, con una copia de DNI o documento acreditativo equivalente con el fin de ejercer los siguientes derechos:<\/p>\n\n\n\n<ul class=\"wp-block-list\">\n<li>Derecho de acceso: derecho a obtener confirmaci\u00f3n sobre si GREYPE S.L. est\u00e1 tratando datos personales que le conciernen y, en tal caso, acceder a los mismos.<\/li>\n\n\n\n<li>Derecho de portabilidad: derecho a recibir los datos personales que nos haya facilitado en un formato estructurado de uso com\u00fan y legible, as\u00ed como a transmitirlo a otra entidad.<\/li>\n\n\n\n<li>Derecho de rectificaci\u00f3n: derecho a solicitar la rectificaci\u00f3n de los datos cuando sean inexactos.<\/li>\n\n\n\n<li>Derecho de supresi\u00f3n: derecho a solicitar la supresi\u00f3n de los datos cuando ya no sean necesarios para los fines que fueron facilitados en su momento.<\/li>\n\n\n\n<li>Derecho de oposici\u00f3n: derecho a oponerte al tratamiento de tus datos personales. GREYPE S.L. dejar\u00e1 de tratar los datos, salvo por motivos leg\u00edtimos o en el ejercicio de posibles reclamaciones.<\/li>\n\n\n\n<li>Derecho a la limitaci\u00f3n del tratamiento: derecho a solicitar la limitaci\u00f3n del tratamiento de sus datos.<\/li>\n<\/ul>\n\n\n\n<p>Por otro lado, si lo ha facilitado, tendr\u00e1 derecho a retirar el consentimiento prestado en cualquier momento y el derecho a reclamar ante la Agencia Espa\u00f1ola de Protecci\u00f3n de Datos.<\/p>\n","protected":false},"excerpt":{"rendered":"<p>POL\u00cdTICA DE PRIVACIDAD GREYPE S.L. es la responsable del tratamiento y de conformidad con lo establecido en el Reglamento (UE) 2016\/679 del Parlamento Europeo y del Consejo de 27 de abril de 2016 y la Ley Org\u00e1nica 3\/2018 de Protecci\u00f3n de Datos y Garant\u00eda de los Derechos Digitales, garantiza la seguridad y confidencialidad de los [&hellip;]<\/p>\n","protected":false},"author":3,"featured_media":0,"parent":0,"menu_order":0,"comment_status":"closed","ping_status":"open","template":"","meta":{"footnotes":""},"class_list":["post-3","page","type-page","status-publish","hentry"],"_links":{"self":[{"href":"https:\/\/greype.com\/es\/wp-json\/wp\/v2\/pages\/3","targetHints":{"allow":["GET"]}}],"collection":[{"href":"https:\/\/greype.com\/es\/wp-json\/wp\/v2\/pages"}],"about":[{"href":"https:\/\/greype.com\/es\/wp-json\/wp\/v2\/types\/page"}],"author":[{"embeddable":true,"href":"https:\/\/greype.com\/es\/wp-json\/wp\/v2\/users\/3"}],"replies":[{"embeddable":true,"href":"https:\/\/greype.com\/es\/wp-json\/wp\/v2\/comments?post=3"}],"version-history":[{"count":7,"href":"https:\/\/greype.com\/es\/wp-json\/wp\/v2\/pages\/3\/revisions"}],"predecessor-version":[{"id":613,"href":"https:\/\/greype.com\/es\/wp-json\/wp\/v2\/pages\/3\/revisions\/613"}],"wp:attachment":[{"href":"https:\/\/greype.com\/es\/wp-json\/wp\/v2\/media?parent=3"}],"curies":[{"name":"wp","href":"https:\/\/api.w.org\/{rel}","templated":true}]}}