{"id":3,"date":"2025-03-06T12:29:18","date_gmt":"2025-03-06T12:29:18","guid":{"rendered":"http:\/\/www.greype.com\/?page_id=3"},"modified":"2025-03-22T10:51:40","modified_gmt":"2025-03-22T09:51:40","slug":"datenschutzrichtlinie","status":"publish","type":"page","link":"https:\/\/greype.com\/de\/politica-de-privacidad\/","title":{"rendered":"Datenschutzbestimmungen"},"content":{"rendered":"<p><strong>DATENSCHUTZRICHTLINIE<\/strong><\/p>\n\n\n\n<p>GREYPE SL ist der Datenverantwortliche und garantiert gem\u00e4\u00df der Verordnung (EU) 2016\/679 des Europ\u00e4ischen Parlaments und des Rates vom 27. April 2016 und dem Organgesetz 3\/2018 \u00fcber Datenschutz und Gew\u00e4hrleistung digitaler Rechte die Sicherheit und Vertraulichkeit der von seinen Kunden bereitgestellten Daten.&nbsp;&nbsp;&nbsp;&nbsp;&nbsp;&nbsp;&nbsp;&nbsp;<\/p>\n\n\n\n<p>GREYPE SL informiert Sie dar\u00fcber, dass die \u00fcber die Formulare auf dieser Website oder per E-Mail-Nachricht bereitgestellten personenbezogenen Daten in die Verarbeitung durch GREYPE SL einbezogen und elektronisch sowie auf Papier verarbeitet werden.<\/p>\n\n\n\n<p>Durch das Absenden der Formulare auf dieser Website sowie \u00fcber alle anderen Kommunikationsmittel, die Sie uns senden, stellen Sie uns freiwillig Ihre personenbezogenen Daten zur Verf\u00fcgung, die in einen Prozess einbezogen werden, um Ihnen die in den Formularen oder Abonnements angeforderten Informationen bereitzustellen.<\/p>\n\n\n\n<p>Wenn der Benutzer beschlie\u00dft, auf dieser Website ein Formular auszuf\u00fcllen, in dem personenbezogene Daten erhoben werden, wird er dar\u00fcber informiert, dass GREYPE SL die notwendigen technischen und organisatorischen Ma\u00dfnahmen ergreift, um die Sicherheit der bereitgestellten Daten zu gew\u00e4hrleisten und \u00c4nderungen, Verlust, unbefugte Verarbeitung oder Zugriff gem\u00e4\u00df dem aktuellen Stand der Technik und gem\u00e4\u00df den Bestimmungen der geltenden Vorschriften zu verhindern.<\/p>\n\n\n\n<p>GREYPE SL kann jedoch keine absolute Unverletzlichkeit des Systems, des Zugangsnetzes und des Internets und damit keine Verletzung der Daten durch betr\u00fcgerischen Zugriff Dritter garantieren.<\/p>\n\n\n\n<p>Die Website enth\u00e4lt Links zu Websites von Drittanbietern, deren Datenschutzrichtlinien sich von denen von GREYPE SL unterscheiden. Sie k\u00f6nnen beim Zugriff darauf w\u00e4hlen, ob Sie diese akzeptieren oder nicht.<\/p>\n\n\n\n<p>Der Nutzer ist in jedem Fall f\u00fcr die Richtigkeit der bereitgestellten Informationen verantwortlich und verpflichtet sich, GREYPE SL \u00fcber etwaige \u00c4nderungen zu informieren. GREYPE SL \u00fcbernimmt diesbez\u00fcglich keine Haftung.<\/p>\n\n\n\n<p>Die Informationen zum Zweck, zur Rechtm\u00e4\u00dfigkeit, zur Aufbewahrung und zur Weitergabe der Daten sind: <strong><\/strong><\/p>\n\n\n\n<p><strong>Webbenutzer:<\/strong><strong> <\/strong>dienen als Informationsunterst\u00fctzung f\u00fcr die Verwaltung der Kommunikation und der Gesch\u00e4ftsbeziehungen auf elektronischem Wege. Die Rechtm\u00e4\u00dfigkeit der Verarbeitung richtet sich nach der Einwilligung der betroffenen Person und dem berechtigten Interesse des Verantwortlichen. Die bereitgestellten Daten werden so lange gespeichert, bis sie zur Bearbeitung Ihrer Anfrage erforderlich sind, Sie Ihre Einwilligung widerrufen oder f\u00fcr die Jahre, die zur Erf\u00fcllung gesetzlicher Verpflichtungen erforderlich sind. GREYPE SL gibt keine Daten weiter, es sei denn, dies ist gesetzlich vorgeschrieben.<\/p>\n\n\n\n<p>Wenn Sie m\u00f6chten, k\u00f6nnen Sie sich mit einer Kopie Ihres Personalausweises oder eines gleichwertigen Ausweisdokuments an GREYPE SL, Carretera Torre-Pacheco-Balsicas, Km. 8, 30591 Balsicas, Spanien, wenden, um die folgenden Rechte auszu\u00fcben:<\/p>\n\n\n\n<ul class=\"wp-block-list\">\n<li>Auskunftsrecht: das Recht, eine Best\u00e4tigung dar\u00fcber zu erhalten, ob GREYPE SL Sie betreffende personenbezogene Daten verarbeitet, und, falls dies der Fall ist, auf diese Daten zuzugreifen.<\/li>\n\n\n\n<li>Recht auf Portabilit\u00e4t: das Recht, die personenbezogenen Daten, die Sie uns bereitgestellt haben, in einem strukturierten, allgemein verwendeten und maschinenlesbaren Format zu erhalten und sie an eine andere Stelle zu \u00fcbermitteln.<\/li>\n\n\n\n<li>Recht auf Berichtigung: Recht, die Berichtigung unrichtiger Daten zu verlangen.<\/li>\n\n\n\n<li>Recht auf L\u00f6schung: das Recht, die L\u00f6schung von Daten zu verlangen, wenn diese f\u00fcr die Zwecke, f\u00fcr die sie damals bereitgestellt wurden, nicht mehr erforderlich sind.<\/li>\n\n\n\n<li>Widerspruchsrecht: das Recht, der Verarbeitung Ihrer personenbezogenen Daten zu widersprechen. GREYPE SL wird die Verarbeitung der Daten einstellen, au\u00dfer aus legitimen Gr\u00fcnden oder zur Geltendmachung m\u00f6glicher Anspr\u00fcche.<\/li>\n\n\n\n<li>Recht auf Einschr\u00e4nkung der Verarbeitung: Sie haben das Recht, eine Einschr\u00e4nkung der Verarbeitung Ihrer Daten zu verlangen.<\/li>\n<\/ul>\n\n\n\n<p>Wenn Sie diese Einwilligung erteilt haben, haben Sie hingegen das Recht, diese jederzeit zu widerrufen und bei der spanischen Datenschutzbeh\u00f6rde Beschwerde einzulegen.<\/p>","protected":false},"excerpt":{"rendered":"<p>POL\u00cdTICA DE PRIVACIDAD GREYPE S.L. es la responsable del tratamiento y de conformidad con lo establecido en el Reglamento (UE) 2016\/679 del Parlamento Europeo y del Consejo de 27 de abril de 2016 y la Ley Org\u00e1nica 3\/2018 de Protecci\u00f3n de Datos y Garant\u00eda de los Derechos Digitales, garantiza la seguridad y confidencialidad de los [&hellip;]<\/p>\n","protected":false},"author":3,"featured_media":0,"parent":0,"menu_order":0,"comment_status":"closed","ping_status":"open","template":"","meta":{"footnotes":""},"class_list":["post-3","page","type-page","status-publish","hentry"],"_links":{"self":[{"href":"https:\/\/greype.com\/de\/wp-json\/wp\/v2\/pages\/3","targetHints":{"allow":["GET"]}}],"collection":[{"href":"https:\/\/greype.com\/de\/wp-json\/wp\/v2\/pages"}],"about":[{"href":"https:\/\/greype.com\/de\/wp-json\/wp\/v2\/types\/page"}],"author":[{"embeddable":true,"href":"https:\/\/greype.com\/de\/wp-json\/wp\/v2\/users\/3"}],"replies":[{"embeddable":true,"href":"https:\/\/greype.com\/de\/wp-json\/wp\/v2\/comments?post=3"}],"version-history":[{"count":7,"href":"https:\/\/greype.com\/de\/wp-json\/wp\/v2\/pages\/3\/revisions"}],"predecessor-version":[{"id":613,"href":"https:\/\/greype.com\/de\/wp-json\/wp\/v2\/pages\/3\/revisions\/613"}],"wp:attachment":[{"href":"https:\/\/greype.com\/de\/wp-json\/wp\/v2\/media?parent=3"}],"curies":[{"name":"wp","href":"https:\/\/api.w.org\/{rel}","templated":true}]}}